{"id":24,"date":"2025-01-23T14:28:57","date_gmt":"2025-01-23T12:28:57","guid":{"rendered":"https:\/\/webshop.autoved.hu\/?post_type=product&#038;p=24"},"modified":"2026-04-07T11:44:29","modified_gmt":"2026-04-07T09:44:29","slug":"usb-c-card-reader","status":"publish","type":"product","link":"https:\/\/webshop.autoved.hu\/en\/product\/usb-c-card-reader\/","title":{"rendered":"USB C Card reader"},"content":{"rendered":"<p><\/p>\n<h2>The purpose of the tool:<\/h2>\n<ul>\n<li>Driver card reading is possible with an application.\n<ul>\n<li>MiniManager<\/li>\n<li>AETRControl Assistant<\/li>\n<\/ul>\n<\/li>\n<li>Can be used to read driver tachograph cards with AETRControl applications.<\/li>\n<\/ul>\n<p><img loading=\"lazy\" decoding=\"async\" class=\"size-medium wp-image-2395 aligncenter\" src=\"https:\/\/tachomi.hu\/wp-content\/uploads\/2018\/03\/ACS-ACR39U-NF-4-300x300.jpg\" sizes=\"auto, (max-width: 300px) 100vw, 300px\" srcset=\"https:\/\/tachomi.hu\/wp-content\/uploads\/2018\/03\/ACS-ACR39U-NF-4-300x300.jpg 300w, https:\/\/tachomi.hu\/wp-content\/uploads\/2018\/03\/ACS-ACR39U-NF-4-150x150.jpg 150w, https:\/\/tachomi.hu\/wp-content\/uploads\/2018\/03\/ACS-ACR39U-NF-4-768x768.jpg 768w, https:\/\/tachomi.hu\/wp-content\/uploads\/2018\/03\/ACS-ACR39U-NF-4.jpg 1000w\" alt=\"\" width=\"300\" height=\"300\" \/><\/p>\n<h2><\/h2>\n<p>&nbsp;<\/p>","protected":false},"excerpt":{"rendered":"<div class=\"et_pb_module et_pb_text et_pb_text_4 et_pb_text_align_center et_pb_bg_layout_light\">\n<div class=\"et_pb_text_inner\">\n<p>OTG funkci\u00f3t t\u00e1mogat\u00f3 Androidos k\u00e9sz\u00fcl\u00e9kek sz\u00e1m\u00e1ra!<\/p>\n<\/div>\n<\/div>\n","protected":false},"featured_media":33,"template":"","meta":[],"product_brand":[],"product_cat":[17],"product_tag":[],"class_list":{"0":"post-24","1":"product","2":"type-product","3":"status-publish","4":"has-post-thumbnail","6":"product_cat-eszkoz","7":"product_shipping_class-csomag","9":"first","10":"instock","11":"taxable","12":"shipping-taxable","13":"purchasable","14":"product-type-simple"},"_links":{"self":[{"href":"https:\/\/webshop.autoved.hu\/en\/wp-json\/wp\/v2\/product\/24","targetHints":{"allow":["GET"]}}],"collection":[{"href":"https:\/\/webshop.autoved.hu\/en\/wp-json\/wp\/v2\/product"}],"about":[{"href":"https:\/\/webshop.autoved.hu\/en\/wp-json\/wp\/v2\/types\/product"}],"wp:featuredmedia":[{"embeddable":true,"href":"https:\/\/webshop.autoved.hu\/en\/wp-json\/wp\/v2\/media\/33"}],"wp:attachment":[{"href":"https:\/\/webshop.autoved.hu\/en\/wp-json\/wp\/v2\/media?parent=24"}],"wp:term":[{"taxonomy":"product_brand","embeddable":true,"href":"https:\/\/webshop.autoved.hu\/en\/wp-json\/wp\/v2\/product_brand?post=24"},{"taxonomy":"product_cat","embeddable":true,"href":"https:\/\/webshop.autoved.hu\/en\/wp-json\/wp\/v2\/product_cat?post=24"},{"taxonomy":"product_tag","embeddable":true,"href":"https:\/\/webshop.autoved.hu\/en\/wp-json\/wp\/v2\/product_tag?post=24"}],"curies":[{"name":"wp","href":"https:\/\/api.w.org\/{rel}","templated":true}]}}